{"id":26,"date":"2020-11-17T15:01:48","date_gmt":"2020-11-17T18:01:48","guid":{"rendered":"https:\/\/refuashlema.lafundaciondejabad.org.ar\/?post_type=product&#038;p=26"},"modified":"2021-01-21T16:55:41","modified_gmt":"2021-01-21T19:55:41","slug":"tu-posibilidad-tener-un-dolar-del-rebe","status":"publish","type":"product","link":"https:\/\/refuashlema.lafundaciondejabad.org.ar\/index.php\/producto\/tu-posibilidad-tener-un-dolar-del-rebe\/","title":{"rendered":"Tu posibilidad de tener el d\u00f3lar del Rebe"},"content":{"rendered":"<p>Bases y condiciones:<\/p>\n<ul>\n<li>S\u00f3lo se dispone de 100 posibilidades para este sorteo. Al adquirir la chance recibir\u00e1 un n\u00famero que va del 00 al 99 una vez hayamos procesado tu aporte. Este ingreso es considerado un bono contribuci\u00f3n.<\/li>\n<li>El n\u00famero ganador corresponder\u00e1 a los dos \u00faltimos d\u00edgitos de la primera posici\u00f3n del sorteo de la QUINIELA NOCTURNA de la CIUDAD del jueves 21 de enero, en honor al 10 de shvat, d\u00eda en que asumi\u00f3 el Rebe su Liderazgo (Shabat del 23 de enero de 2021). Se podr\u00e1 ver los resultados en\u00a0 <a href=\"https:\/\/quiniela.loteriadelaciudad.gob.ar\/\" target=\"_blank\" rel=\"noopener noreferrer\">https:\/\/quiniela.loteriadelaciudad.gob.ar\/<\/a>.<\/li>\n<li>En caso de que NO haya un ganador con los \u00faltimos dos d\u00edgitos de la primer posici\u00f3n, ser\u00e1 beneficiado con el premio quien tenga el n\u00famero correspondiente a la segunda posici\u00f3n; de seguir vacante ser\u00e1 ganador el que tenga la tercer posici\u00f3n y as\u00ed sucesivamente.<\/li>\n<li>Si por alg\u00fan motivo Loter\u00eda de la Ciudad no realiza dicho sorteo, se tomar\u00e1 como resultado el siguiente sorteo de QUINIELA NOCTURNA de la CIUDAD que se realice y que no caiga en Shabat ni Iom Tov.<\/li>\n<li>El n\u00famero ganador ser\u00e1 publicado tambi\u00e9n en la web de La Fundaci\u00f3n de Acci\u00f3n Social de Jabad.<\/li>\n<li>Para conocer m\u00e1s sobre el destino de los fondos recaudados, ingresar a <a href=\"https:\/\/lafundaciondejabad.org.ar\" target=\"_blank\" rel=\"noopener noreferrer\">lafundaciondejabad.org.ar<\/a>.<\/li>\n<li>Dudas y consultas: <a href=\"mailto:amigos@lafundaciondejabad.org.ar\" target=\"_blank\" rel=\"noopener noreferrer\">amigos@lafundaciondejabad.org.ar<\/a> \u00f3 +5491155791615<\/li>\n<\/ul>\n","protected":false},"excerpt":{"rendered":"<p>Para refuah shlema bekarob y braja de Moshe Refael Ben Jaia (Alejandro Terk) y Jaim Shlomo Ben Rajel Rosa (Puchi Atach) y todos los que necesiten.<\/p>\n<p>Al momento de completar sus datos, podr\u00e1 agregar el nombre de la persona por la cual ud. tamb\u00e9n pide Brajot.<\/p>\n<p>Elija la moneda como prefiere hacer su aporte, la cantidad de n\u00fameros que desea adquirir y presione &#8220;Agregar al Carrito&#8221;.<\/p>\n","protected":false},"featured_media":32,"template":"","meta":[],"_links":{"self":[{"href":"https:\/\/refuashlema.lafundaciondejabad.org.ar\/index.php\/wp-json\/wp\/v2\/product\/26"}],"collection":[{"href":"https:\/\/refuashlema.lafundaciondejabad.org.ar\/index.php\/wp-json\/wp\/v2\/product"}],"about":[{"href":"https:\/\/refuashlema.lafundaciondejabad.org.ar\/index.php\/wp-json\/wp\/v2\/types\/product"}],"wp:featuredmedia":[{"embeddable":true,"href":"https:\/\/refuashlema.lafundaciondejabad.org.ar\/index.php\/wp-json\/wp\/v2\/media\/32"}],"wp:attachment":[{"href":"https:\/\/refuashlema.lafundaciondejabad.org.ar\/index.php\/wp-json\/wp\/v2\/media?parent=26"}],"curies":[{"name":"wp","href":"https:\/\/api.w.org\/{rel}","templated":true}]}}